{"id":20,"date":"2023-09-21T09:23:28","date_gmt":"2023-09-21T07:23:28","guid":{"rendered":"http:\/\/fannybouquet.com\/?page_id=20"},"modified":"2023-09-29T13:21:24","modified_gmt":"2023-09-29T11:21:24","slug":"creez-votre-site-avec-des-blocs","status":"publish","type":"page","link":"https:\/\/fannybouquet.com\/","title":{"rendered":"Sans titre"},"content":{"rendered":"\n<figure class=\"wp-block-image alignwide\"><img loading=\"lazy\" decoding=\"async\" width=\"1280\" height=\"808\" src=\"http:\/\/fannybouquet.com\/wp-content\/uploads\/2023\/09\/couverture.jpg\" alt=\"\" class=\"wp-image-40\" srcset=\"https:\/\/fannybouquet.com\/wp-content\/uploads\/2023\/09\/couverture.jpg 1280w, https:\/\/fannybouquet.com\/wp-content\/uploads\/2023\/09\/couverture-300x189.jpg 300w, https:\/\/fannybouquet.com\/wp-content\/uploads\/2023\/09\/couverture-1024x646.jpg 1024w, https:\/\/fannybouquet.com\/wp-content\/uploads\/2023\/09\/couverture-768x485.jpg 768w\" sizes=\"auto, (max-width: 1280px) 100vw, 1280px\" \/><\/figure>\n\n\n\n<p class=\"has-text-align-center\">La cl\u00e9 du succ\u00e8s ? C&rsquo;est de croire en vous. <\/p>\n\n\n\n<figure class=\"wp-block-embed is-type-video is-provider-vimeo wp-block-embed-vimeo wp-embed-aspect-16-9 wp-has-aspect-ratio\"><div class=\"wp-block-embed__wrapper\">\n<iframe loading=\"lazy\" title=\"La sophrologie en quelques mots !\" src=\"https:\/\/player.vimeo.com\/video\/262813764?dnt=1&amp;app_id=122963\" width=\"750\" height=\"422\" frameborder=\"0\" allow=\"autoplay; fullscreen; picture-in-picture\"><\/iframe>\n<\/div><\/figure>\n\n\n\n<p class=\"has-text-align-center\">T\u00e9l : <strong>06.83.19.25.42<\/strong>&nbsp;&nbsp;  <strong>contact@fannybouquet.com&nbsp;<\/strong><\/p>\n","protected":false},"excerpt":{"rendered":"<p>La cl\u00e9 du succ\u00e8s ? C&rsquo;est de croire en vous. T\u00e9l : 06.83.19.25.42&nbsp;&nbsp; contact@fannybouquet.com&nbsp;<\/p>\n","protected":false},"author":1,"featured_media":0,"parent":0,"menu_order":0,"comment_status":"closed","ping_status":"closed","template":"","meta":{"footnotes":""},"class_list":["post-20","page","type-page","status-publish","hentry","entry"],"_links":{"self":[{"href":"https:\/\/fannybouquet.com\/index.php?rest_route=\/wp\/v2\/pages\/20","targetHints":{"allow":["GET"]}}],"collection":[{"href":"https:\/\/fannybouquet.com\/index.php?rest_route=\/wp\/v2\/pages"}],"about":[{"href":"https:\/\/fannybouquet.com\/index.php?rest_route=\/wp\/v2\/types\/page"}],"author":[{"embeddable":true,"href":"https:\/\/fannybouquet.com\/index.php?rest_route=\/wp\/v2\/users\/1"}],"replies":[{"embeddable":true,"href":"https:\/\/fannybouquet.com\/index.php?rest_route=%2Fwp%2Fv2%2Fcomments&post=20"}],"version-history":[{"count":8,"href":"https:\/\/fannybouquet.com\/index.php?rest_route=\/wp\/v2\/pages\/20\/revisions"}],"predecessor-version":[{"id":264,"href":"https:\/\/fannybouquet.com\/index.php?rest_route=\/wp\/v2\/pages\/20\/revisions\/264"}],"wp:attachment":[{"href":"https:\/\/fannybouquet.com\/index.php?rest_route=%2Fwp%2Fv2%2Fmedia&parent=20"}],"curies":[{"name":"wp","href":"https:\/\/api.w.org\/{rel}","templated":true}]}}